{"id":2961,"date":"2019-10-29T20:44:44","date_gmt":"2019-10-29T20:44:44","guid":{"rendered":"https:\/\/moeller-profilsysteme.de\/impressum\/"},"modified":"2026-02-10T16:41:44","modified_gmt":"2026-02-10T16:41:44","slug":"imprint","status":"publish","type":"page","link":"https:\/\/moeller-profilsysteme.de\/en\/imprint\/","title":{"rendered":"Imprint"},"content":{"rendered":"<h3>Data according to \u00a75 TMG:<\/h3>\n<p>M\u00d6LLER GmbH &amp; Co. KG<br \/>\nAm Kindergarten 1<br \/>\n59872 Meschede-Eversberg<\/p>\n<h3>Represented by:<\/h3>\n<p>Mr Dietmar M\u00f6ller<br \/>\nMr Marcus Schr\u00f6er<\/p>\n<h3>Individually liable partner:<\/h3>\n<p>M\u00d6LLER Verwaltungs-GmbH, Meschede-Eversberg (Administrative GmbH)<\/p>\n<h3>Contact:<\/h3>\n<p>Phone: +49 (0) 291 \/ 29 93 0<br \/>\nEmail: info@moeller-profilsysteme.de<\/p>\n<h3>Registration entry:<\/h3>\n<p>Incorporation in the commercial register.<br \/>\nRegister court: district court Arnsberg<br \/>\nRegister no. HRA 3780<\/p>\n<h3>VAT:<\/h3>\n<p>VAT identification no. according to \u00a727a<br \/>\nValue Added Tax Act: DE 125 916 133<\/p>\n<h3>Data protection officer<\/h3>\n<p data-start=\"208\" data-end=\"331\">Bechtle GmbH IT-Systemhaus Westfalen-Niederrhein<br \/>\nHansaallee 299<br \/>\n40549 D\u00fcsseldorf<\/p>\n<p data-start=\"208\" data-end=\"331\"><span class=\"neo-text--bold\">Telefon:<\/span>\u00a0+49 211 302154 0<br \/>\n<span class=\"neo-text--bold\">E-Mail:<\/span>\u00a0<a class=\"raw\" href=\"mailto:westfalen-niederrhein@bechtle.com\">westfalen-niederrhein@bechtle.com<\/a><\/p>\n<p>General Sales and Delivery Conditions,<a href=\"https:\/\/moeller-profilsysteme.de\/agb\/\"> see here<\/a><\/p>\n<h3>General Product Safety Regulation (GPSR)<\/h3>\n<p style=\"font-weight: 400;\">Complaints under the Product Safety Regulation can be sent to info@moeller-profilsysteme.de.<\/p>\n<h3>Dispute Settlement<\/h3>\n<p>The European Commission provides a platform for online dispute settlement:<\/p>\n<p>https:\/\/ec.europa.eu\/consumers\/odr.<\/p>\n<p>Our email address can be found in the header. We are not prepared or obliged to take part in dispute settlement procedures at consumer arbitration boards.<\/p>\n<h3>Liability for contents<\/h3>\n<p>According to \u00a77 (1) TMG, we, as a service provider, are responsible for own contents on these web pages according to the general laws. In accordance with \u00a7\u00a7 8-10 TMG we, as a service provider, are not obliged to monitor transferred or stored foreign information or to research circumstances which point to unlawful activities.<\/p>\n<p>Obligations to remove or lock the usage of information according to the general laws remain untouched by this. A liability related to this is, however, only possible from the date of knowledge of a concrete infringement. After knowledge of respective infringements we shall remove the contents immediately.<\/p>\n<h3>Liability for links<\/h3>\n<p>Our offer contains links to external websites of third parties whose contents we do not have any influence on. Therefore we cannot take over liability for this foreign content. For the content of the linked pages the respective provider or operator of the pages is always responsible for. The linked pages were checked for possible violations when linked to our website. Illegal content was not identifiable at the time of linking.<\/p>\n<p>A permanent content control of the linked pages is, however, without concrete evidence of infringements, not reasonable. After getting knowledge of infringements we shall remove such links promptly.<\/p>\n<h3>Copyright law<\/h3>\n<p class=\"EinfacherAbsatz\">The contents and works on these pages created by the website operator are subject to German copyright law. The reproduction, editing, distribution and any kind of exploitation or recovery beyond the bounds of the copyright law require the written consent of the respective author resp. creator. Downloads or copies of this website are only allowed for the private, non-commercial use. As far as the contents on this page have not been created by the operator, the copyrights of third parties are observed. In particular the contents of third parties are marked as such. If you, nevertheless, become aware of a copyright infringement, please let us know. After knowlege of infringements we shall remove such contents immediately.<\/p>\n<h3>Conception, design &amp; technical implementation<\/h3>\n<p>Der fr\u00fche Vogel &amp; Freunde GmbH<br \/>\nUNESCO-Welterbe Zollverein, 45309 Essen<br \/>\n<a href=\"http:\/\/www.derfruehevogel-freunde.com\">www.derfruehevogel-freunde.com<\/a><\/p>\n<p><strong>\u00a0<\/strong><\/p>\n","protected":false},"excerpt":{"rendered":"<p>Data according to \u00a75 TMG: M\u00d6LLER GmbH &amp; Co. KG Am Kindergarten 1 59872 Meschede-Eversberg Represented by: Mr Dietmar M\u00f6ller Mr Marcus Schr\u00f6er Individually liable partner: M\u00d6LLER Verwaltungs-GmbH, Meschede-Eversberg (Administrative GmbH) Contact: Phone: +49 (0) 291 \/ 29 93 0 Email: info@moeller-profilsysteme.de Registration entry: Incorporation in the commercial register. Register court: district court Arnsberg Register [&hellip;]<\/p>\n","protected":false},"author":2,"featured_media":0,"parent":0,"menu_order":40,"comment_status":"closed","ping_status":"closed","template":"template-rechtliches.php","meta":{"_acf_changed":false,"footnotes":""},"class_list":["post-2961","page","type-page","status-publish","hentry"],"acf":[],"yoast_head":"<!-- This site is optimized with the Yoast SEO plugin v27.5 - https:\/\/yoast.com\/product\/yoast-seo-wordpress\/ -->\n<title>Imprint &#8211; m\u00f6ller<\/title>\n<meta name=\"robots\" content=\"index, follow, max-snippet:-1, max-image-preview:large, max-video-preview:-1\" \/>\n<link rel=\"canonical\" href=\"https:\/\/moeller-profilsysteme.de\/en\/imprint\/\" \/>\n<meta property=\"og:locale\" content=\"en_US\" \/>\n<meta property=\"og:type\" content=\"article\" \/>\n<meta property=\"og:title\" content=\"Imprint &#8211; m\u00f6ller\" \/>\n<meta property=\"og:description\" content=\"Data according to \u00a75 TMG: M\u00d6LLER GmbH &amp; Co. KG Am Kindergarten 1 59872 Meschede-Eversberg Represented by: Mr Dietmar M\u00f6ller Mr Marcus Schr\u00f6er Individually liable partner: M\u00d6LLER Verwaltungs-GmbH, Meschede-Eversberg (Administrative GmbH) Contact: Phone: +49 (0) 291 \/ 29 93 0 Email: info@moeller-profilsysteme.de Registration entry: Incorporation in the commercial register. Register court: district court Arnsberg Register [&hellip;]\" \/>\n<meta property=\"og:url\" content=\"https:\/\/moeller-profilsysteme.de\/en\/imprint\/\" \/>\n<meta property=\"og:site_name\" content=\"m\u00f6ller\" \/>\n<meta property=\"article:modified_time\" content=\"2026-02-10T16:41:44+00:00\" \/>\n<meta name=\"twitter:card\" content=\"summary_large_image\" \/>\n<meta name=\"twitter:label1\" content=\"Est. reading time\" \/>\n\t<meta name=\"twitter:data1\" content=\"3 minutes\" \/>\n<script type=\"application\/ld+json\" class=\"yoast-schema-graph\">{\"@context\":\"https:\\\/\\\/schema.org\",\"@graph\":[{\"@type\":\"WebPage\",\"@id\":\"https:\\\/\\\/moeller-profilsysteme.de\\\/en\\\/imprint\\\/\",\"url\":\"https:\\\/\\\/moeller-profilsysteme.de\\\/en\\\/imprint\\\/\",\"name\":\"Imprint &#8211; m\u00f6ller\",\"isPartOf\":{\"@id\":\"https:\\\/\\\/moeller-profilsysteme.de\\\/#website\"},\"datePublished\":\"2019-10-29T20:44:44+00:00\",\"dateModified\":\"2026-02-10T16:41:44+00:00\",\"breadcrumb\":{\"@id\":\"https:\\\/\\\/moeller-profilsysteme.de\\\/en\\\/imprint\\\/#breadcrumb\"},\"inLanguage\":\"en-US\",\"potentialAction\":[{\"@type\":\"ReadAction\",\"target\":[\"https:\\\/\\\/moeller-profilsysteme.de\\\/en\\\/imprint\\\/\"]}]},{\"@type\":\"BreadcrumbList\",\"@id\":\"https:\\\/\\\/moeller-profilsysteme.de\\\/en\\\/imprint\\\/#breadcrumb\",\"itemListElement\":[{\"@type\":\"ListItem\",\"position\":1,\"name\":\"Startseite\",\"item\":\"https:\\\/\\\/moeller-profilsysteme.de\\\/en\\\/\"},{\"@type\":\"ListItem\",\"position\":2,\"name\":\"Imprint\"}]},{\"@type\":\"WebSite\",\"@id\":\"https:\\\/\\\/moeller-profilsysteme.de\\\/#website\",\"url\":\"https:\\\/\\\/moeller-profilsysteme.de\\\/\",\"name\":\"m\u00f6ller \u2013 nachhaltig innovativ\",\"description\":\"nachhaltig innovativ\",\"potentialAction\":[{\"@type\":\"SearchAction\",\"target\":{\"@type\":\"EntryPoint\",\"urlTemplate\":\"https:\\\/\\\/moeller-profilsysteme.de\\\/?s={search_term_string}\"},\"query-input\":{\"@type\":\"PropertyValueSpecification\",\"valueRequired\":true,\"valueName\":\"search_term_string\"}}],\"inLanguage\":\"en-US\"}]}<\/script>\n<!-- \/ Yoast SEO plugin. -->","yoast_head_json":{"title":"Imprint &#8211; m\u00f6ller","robots":{"index":"index","follow":"follow","max-snippet":"max-snippet:-1","max-image-preview":"max-image-preview:large","max-video-preview":"max-video-preview:-1"},"canonical":"https:\/\/moeller-profilsysteme.de\/en\/imprint\/","og_locale":"en_US","og_type":"article","og_title":"Imprint &#8211; m\u00f6ller","og_description":"Data according to \u00a75 TMG: M\u00d6LLER GmbH &amp; Co. KG Am Kindergarten 1 59872 Meschede-Eversberg Represented by: Mr Dietmar M\u00f6ller Mr Marcus Schr\u00f6er Individually liable partner: M\u00d6LLER Verwaltungs-GmbH, Meschede-Eversberg (Administrative GmbH) Contact: Phone: +49 (0) 291 \/ 29 93 0 Email: info@moeller-profilsysteme.de Registration entry: Incorporation in the commercial register. Register court: district court Arnsberg Register [&hellip;]","og_url":"https:\/\/moeller-profilsysteme.de\/en\/imprint\/","og_site_name":"m\u00f6ller","article_modified_time":"2026-02-10T16:41:44+00:00","twitter_card":"summary_large_image","twitter_misc":{"Est. reading time":"3 minutes"},"schema":{"@context":"https:\/\/schema.org","@graph":[{"@type":"WebPage","@id":"https:\/\/moeller-profilsysteme.de\/en\/imprint\/","url":"https:\/\/moeller-profilsysteme.de\/en\/imprint\/","name":"Imprint &#8211; m\u00f6ller","isPartOf":{"@id":"https:\/\/moeller-profilsysteme.de\/#website"},"datePublished":"2019-10-29T20:44:44+00:00","dateModified":"2026-02-10T16:41:44+00:00","breadcrumb":{"@id":"https:\/\/moeller-profilsysteme.de\/en\/imprint\/#breadcrumb"},"inLanguage":"en-US","potentialAction":[{"@type":"ReadAction","target":["https:\/\/moeller-profilsysteme.de\/en\/imprint\/"]}]},{"@type":"BreadcrumbList","@id":"https:\/\/moeller-profilsysteme.de\/en\/imprint\/#breadcrumb","itemListElement":[{"@type":"ListItem","position":1,"name":"Startseite","item":"https:\/\/moeller-profilsysteme.de\/en\/"},{"@type":"ListItem","position":2,"name":"Imprint"}]},{"@type":"WebSite","@id":"https:\/\/moeller-profilsysteme.de\/#website","url":"https:\/\/moeller-profilsysteme.de\/","name":"m\u00f6ller \u2013 nachhaltig innovativ","description":"nachhaltig innovativ","potentialAction":[{"@type":"SearchAction","target":{"@type":"EntryPoint","urlTemplate":"https:\/\/moeller-profilsysteme.de\/?s={search_term_string}"},"query-input":{"@type":"PropertyValueSpecification","valueRequired":true,"valueName":"search_term_string"}}],"inLanguage":"en-US"}]}},"_links":{"self":[{"href":"https:\/\/moeller-profilsysteme.de\/en\/wp-json\/wp\/v2\/pages\/2961","targetHints":{"allow":["GET"]}}],"collection":[{"href":"https:\/\/moeller-profilsysteme.de\/en\/wp-json\/wp\/v2\/pages"}],"about":[{"href":"https:\/\/moeller-profilsysteme.de\/en\/wp-json\/wp\/v2\/types\/page"}],"author":[{"embeddable":true,"href":"https:\/\/moeller-profilsysteme.de\/en\/wp-json\/wp\/v2\/users\/2"}],"replies":[{"embeddable":true,"href":"https:\/\/moeller-profilsysteme.de\/en\/wp-json\/wp\/v2\/comments?post=2961"}],"version-history":[{"count":8,"href":"https:\/\/moeller-profilsysteme.de\/en\/wp-json\/wp\/v2\/pages\/2961\/revisions"}],"predecessor-version":[{"id":4214,"href":"https:\/\/moeller-profilsysteme.de\/en\/wp-json\/wp\/v2\/pages\/2961\/revisions\/4214"}],"wp:attachment":[{"href":"https:\/\/moeller-profilsysteme.de\/en\/wp-json\/wp\/v2\/media?parent=2961"}],"curies":[{"name":"wp","href":"https:\/\/api.w.org\/{rel}","templated":true}]}}